{"id":14,"date":"2021-06-20T10:43:42","date_gmt":"2021-06-20T10:43:42","guid":{"rendered":"http:\/\/porntheptalk.vietthangloivt.com\/?page_id=14"},"modified":"2021-06-20T18:08:35","modified_gmt":"2021-06-20T11:08:35","slug":"cach-dung-khang-va-bo-sung","status":"publish","type":"page","link":"https:\/\/porntheptalk.vietthangloivt.com\/index.php\/cach-dung-khang-va-bo-sung\/","title":{"rendered":"C\u00c1CH D\u00d9NG KH\u00c1NG CH\u1ea4T"},"content":{"rendered":"","protected":false},"excerpt":{"rendered":"","protected":false},"author":1,"featured_media":0,"parent":0,"menu_order":0,"comment_status":"closed","ping_status":"closed","template":"","meta":{"om_disable_all_campaigns":false,"_monsterinsights_skip_tracking":false,"_monsterinsights_sitenote_active":false,"_monsterinsights_sitenote_note":"","_monsterinsights_sitenote_category":0,"footnotes":""},"class_list":["post-14","page","type-page","status-publish","hentry"],"_links":{"self":[{"href":"https:\/\/porntheptalk.vietthangloivt.com\/index.php\/wp-json\/wp\/v2\/pages\/14","targetHints":{"allow":["GET"]}}],"collection":[{"href":"https:\/\/porntheptalk.vietthangloivt.com\/index.php\/wp-json\/wp\/v2\/pages"}],"about":[{"href":"https:\/\/porntheptalk.vietthangloivt.com\/index.php\/wp-json\/wp\/v2\/types\/page"}],"author":[{"embeddable":true,"href":"https:\/\/porntheptalk.vietthangloivt.com\/index.php\/wp-json\/wp\/v2\/users\/1"}],"replies":[{"embeddable":true,"href":"https:\/\/porntheptalk.vietthangloivt.com\/index.php\/wp-json\/wp\/v2\/comments?post=14"}],"version-history":[{"count":2,"href":"https:\/\/porntheptalk.vietthangloivt.com\/index.php\/wp-json\/wp\/v2\/pages\/14\/revisions"}],"predecessor-version":[{"id":42,"href":"https:\/\/porntheptalk.vietthangloivt.com\/index.php\/wp-json\/wp\/v2\/pages\/14\/revisions\/42"}],"wp:attachment":[{"href":"https:\/\/porntheptalk.vietthangloivt.com\/index.php\/wp-json\/wp\/v2\/media?parent=14"}],"curies":[{"name":"wp","href":"https:\/\/api.w.org\/{rel}","templated":true}]}}